{"id":30,"date":"2022-05-29T05:12:15","date_gmt":"2022-05-29T05:12:15","guid":{"rendered":"https:\/\/demo.bravisthemes.com\/fintex\/?page_id=30"},"modified":"2025-09-25T11:32:09","modified_gmt":"2025-09-25T11:32:09","slug":"contact","status":"publish","type":"page","link":"https:\/\/agcainvest.es\/en\/contact\/","title":{"rendered":"Contact Us"},"content":{"rendered":"<div data-elementor-type=\"wp-page\" data-elementor-id=\"30\" class=\"elementor elementor-30\">\n\t\t\t\t        <section class=\"elementor-section elementor-top-section elementor-element elementor-element-28dfa3c elementor-section-full_width elementor-section-height-min-height elementor-section-stretched elementor-section-height-default elementor-section-items-middle ct-header-fixed-none ct-column-none ct-row-scroll-none\" data-id=\"28dfa3c\" data-element_type=\"section\" data-settings=\"{&quot;stretch_section&quot;:&quot;section-stretched&quot;,&quot;background_background&quot;:&quot;classic&quot;}\">\n                            <div class=\"elementor-background-overlay\"><\/div>\n                \n                        <div class=\"elementor-container elementor-column-gap-default\">\n                    <div class=\"elementor-column elementor-col-100 elementor-top-column elementor-element elementor-element-169391b ct-column-none col-offset-none\" data-id=\"169391b\" data-element_type=\"column\">\n        <div class=\"elementor-widget-wrap elementor-element-populated\">\n                    \n            \t\t<div class=\"elementor-element elementor-element-d56942d elementor-widget elementor-widget-ct_heading\" data-id=\"d56942d\" data-element_type=\"widget\" data-widget_type=\"ct_heading.default\">\n\t\t\t\t<div class=\"elementor-widget-container\">\n\t\t\t\t\t<div class=\"ct-heading h-align-center item-st-default\">\r\n\t            \r\n    <h3 class=\"item--title case-animate-time st-default\" data-wow-delay=\"ms\">\r\n                    \r\n        <span>Get in Touch<\/span>    <\/h3>\r\n<\/div>\r\n\r\n\t\t\t\t<\/div>\n\t\t\t\t<\/div>\n\t\t            <\/div>\n        <\/div>\n                    <\/div>\n        <\/section>\n                <section class=\"elementor-section elementor-top-section elementor-element elementor-element-6aa520a elementor-section-boxed elementor-section-height-default elementor-section-height-default ct-header-fixed-none ct-column-none ct-row-scroll-none\" data-id=\"6aa520a\" data-element_type=\"section\">\n            \n                        <div class=\"elementor-container elementor-column-gap-default\">\n                    <div class=\"elementor-column elementor-col-50 elementor-top-column elementor-element elementor-element-9f34503 ct-column-none col-offset-none\" data-id=\"9f34503\" data-element_type=\"column\">\n        <div class=\"elementor-widget-wrap elementor-element-populated\">\n                    \n        \t\t<div class=\"elementor-element elementor-element-0c53ec3 elementor-widget elementor-widget-ct_heading\" data-id=\"0c53ec3\" data-element_type=\"widget\" data-widget_type=\"ct_heading.default\">\n\t\t\t\t<div class=\"elementor-widget-container\">\n\t\t\t\t\t<div class=\"ct-heading h-align- item-st-default\">\r\n\t\t\t<div class=\"item--sub-title style-default\">\r\n            <span class=\"arrow-left\">\r\n                                Get in Touch            <\/span>\r\n        <\/div>\r\n\t            \r\n    <h3 class=\"item--title case-animate-time st-default\" data-wow-delay=\"ms\">\r\n                    \r\n        <span>Connect with Us for Business Opportunities<\/span>    <\/h3>\r\n<\/div>\r\n\r\n\t\t\t\t<\/div>\n\t\t\t\t<\/div>\n\t\t\t\t<div class=\"elementor-element elementor-element-e5c9799 elementor-widget elementor-widget-ct_text_editor\" data-id=\"e5c9799\" data-element_type=\"widget\" data-widget_type=\"ct_text_editor.default\">\n\t\t\t\t<div class=\"elementor-widget-container\">\n\t\t\t\t\t<div id=\"ct_text_editor-e5c9799\" class=\"ct-text-editor  style1\" data-wow-delay=\"ms\">\n\t<div class=\"ct-inline-css\"  data-css=\"        \t\t\">\n\n    <\/div>\n\t<div class=\"ct-text-editor elementor-clearfix\">\n\t\t<p>Whether you\u2019re looking to invest in agribusiness or trade quality produce, we\u2019re here to help. Reach out to us for inquiries, partnerships, or more information.<\/p>\t\t\n\t<\/div>\n<\/div>\t\t\t\t<\/div>\n\t\t\t\t<\/div>\n\t\t\t\t<div class=\"elementor-element elementor-element-b47cf74 elementor-widget elementor-widget-ct_heading\" data-id=\"b47cf74\" data-element_type=\"widget\" data-widget_type=\"ct_heading.default\">\n\t\t\t\t<div class=\"elementor-widget-container\">\n\t\t\t\t\t<div class=\"ct-heading h-align- item-st-default\">\r\n\t            \r\n    <h3 class=\"item--title case-animate-time st-default\" data-wow-delay=\"ms\">\r\n                    \r\n        <span>Follow Us<\/span>    <\/h3>\r\n<\/div>\r\n\r\n\t\t\t\t<\/div>\n\t\t\t\t<\/div>\n\t\t\t\t<div class=\"elementor-element elementor-element-4c11e49 elementor-widget elementor-widget-ct_icon\" data-id=\"4c11e49\" data-element_type=\"widget\" data-widget_type=\"ct_icon.default\">\n\t\t\t\t<div class=\"elementor-widget-container\">\n\t\t\t\t\t    <div class=\"ct-icon1 icon-align- style1\">\r\n                                    <a class=\"ct_icon-4c11e49-0\" href=\"#\">\r\n                    <i aria-hidden=\"true\" class=\"fab fa-facebook-f\"><\/i>                      \r\n\r\n                <\/a>\r\n                                                            <a class=\"ct_icon-4c11e49-1\" href=\"#\">\r\n                    <i aria-hidden=\"true\" class=\"fab fa-instagram\"><\/i>                      \r\n\r\n                <\/a>\r\n                                    <\/div>\r\n\t\t\t\t<\/div>\n\t\t\t\t<\/div>\n\t\t            <\/div>\n        <\/div>\n                <div class=\"elementor-column elementor-col-50 elementor-top-column elementor-element elementor-element-e401c64 ct-column-none col-offset-none\" data-id=\"e401c64\" data-element_type=\"column\">\n        <div class=\"elementor-widget-wrap elementor-element-populated\">\n                    \n        \t\t<div class=\"elementor-element elementor-element-0abd9e7 elementor-widget elementor-widget-ct_fancy_box\" data-id=\"0abd9e7\" data-element_type=\"widget\" data-widget_type=\"ct_fancy_box.default\">\n\t\t\t\t<div class=\"elementor-widget-container\">\n\t\t\t\t\t<div class=\"ct-fancy-box ct-fancy-box-layout1 style2\" data-wow-delay=\"ms\">\r\n    <div class=\"item--inner\">\r\n                            <div class=\"item--icon\">\r\n                <img decoding=\"async\" width=\"60\" height=\"60\" src=\"https:\/\/agcainvest.es\/wp-content\/uploads\/2022\/05\/11.png\" class=\"attachment-full\" alt=\"\" \/>            <\/div>\r\n                <div class=\"item--meta\">\r\n            <h4 class=\"item--title\">\r\n                Location            <\/h4>\r\n            <div class=\"item--description\">Avda. Adolfo Suarez, 25, 2izq,\n28660-Boadilla Del Monte, Madrid<\/div>\r\n                    <\/div>\r\n                    <div class=\"item--number\"><\/div>\r\n            <\/div>\r\n<\/div>\t\t\t\t<\/div>\n\t\t\t\t<\/div>\n\t\t\t\t<div class=\"elementor-element elementor-element-e5eed47 elementor-widget elementor-widget-ct_fancy_box\" data-id=\"e5eed47\" data-element_type=\"widget\" data-widget_type=\"ct_fancy_box.default\">\n\t\t\t\t<div class=\"elementor-widget-container\">\n\t\t\t\t\t<div class=\"ct-fancy-box ct-fancy-box-layout1 style2\" data-wow-delay=\"ms\">\r\n    <div class=\"item--inner\">\r\n                            <div class=\"item--icon\">\r\n                <img decoding=\"async\" width=\"60\" height=\"60\" src=\"https:\/\/agcainvest.es\/wp-content\/uploads\/2022\/05\/Email.png\" class=\"attachment-full\" alt=\"\" \/>            <\/div>\r\n                <div class=\"item--meta\">\r\n            <h4 class=\"item--title\">\r\n                Email Us            <\/h4>\r\n            <div class=\"item--description\">madrid@agcainvest.es<\/div>\r\n                    <\/div>\r\n                    <div class=\"item--number\"><\/div>\r\n            <\/div>\r\n<\/div>\t\t\t\t<\/div>\n\t\t\t\t<\/div>\n\t\t\t\t<div class=\"elementor-element elementor-element-a95d268 elementor-widget elementor-widget-ct_fancy_box\" data-id=\"a95d268\" data-element_type=\"widget\" data-widget_type=\"ct_fancy_box.default\">\n\t\t\t\t<div class=\"elementor-widget-container\">\n\t\t\t\t\t<div class=\"ct-fancy-box ct-fancy-box-layout1 style2\" data-wow-delay=\"ms\">\r\n    <div class=\"item--inner\">\r\n                            <div class=\"item--icon\">\r\n                <img decoding=\"async\" width=\"60\" height=\"52\" src=\"https:\/\/agcainvest.es\/wp-content\/uploads\/2022\/05\/12.png\" class=\"attachment-full\" alt=\"\" \/>            <\/div>\r\n                <div class=\"item--meta\">\r\n            <h4 class=\"item--title\">\r\n                Phone Number            <\/h4>\r\n            <div class=\"item--description\">+34682430733<\/div>\r\n                    <\/div>\r\n                    <div class=\"item--number\"><\/div>\r\n            <\/div>\r\n<\/div>\t\t\t\t<\/div>\n\t\t\t\t<\/div>\n\t\t            <\/div>\n        <\/div>\n                    <\/div>\n        <\/section>\n                <section class=\"elementor-section elementor-top-section elementor-element elementor-element-1589f91 elementor-section-full_width elementor-section-stretched elementor-section-height-default elementor-section-height-default ct-header-fixed-none ct-column-none ct-row-scroll-none\" data-id=\"1589f91\" data-element_type=\"section\" data-settings=\"{&quot;stretch_section&quot;:&quot;section-stretched&quot;}\">\n            \n                        <div class=\"elementor-container elementor-column-gap-default\">\n                    <div class=\"elementor-column elementor-col-100 elementor-top-column elementor-element elementor-element-682f60c ct-column-none col-offset-none\" data-id=\"682f60c\" data-element_type=\"column\">\n        <div class=\"elementor-widget-wrap elementor-element-populated\">\n                    \n        \t\t<div class=\"elementor-element elementor-element-1263c3d elementor-widget elementor-widget-google_maps\" data-id=\"1263c3d\" data-element_type=\"widget\" data-widget_type=\"google_maps.default\">\n\t\t\t\t<div class=\"elementor-widget-container\">\n\t\t\t\t\t\t\t<div class=\"elementor-custom-embed\">\n\t\t\t<iframe loading=\"lazy\"\n\t\t\t\t\tsrc=\"https:\/\/maps.google.com\/maps?q=Avda.%20Adolfo%20Suarez%2C%2025%2C%202izq%2C%2028660-Boadilla%20Del%20Monte%2C%20Madrid&#038;t=m&#038;z=15&#038;output=embed&#038;iwloc=near\"\n\t\t\t\t\ttitle=\"Avda. Adolfo Suarez, 25, 2izq, 28660-Boadilla Del Monte, Madrid\"\n\t\t\t\t\taria-label=\"Avda. Adolfo Suarez, 25, 2izq, 28660-Boadilla Del Monte, Madrid\"\n\t\t\t><\/iframe>\n\t\t<\/div>\n\t\t\t\t\t\t<\/div>\n\t\t\t\t<\/div>\n\t\t            <\/div>\n        <\/div>\n                    <\/div>\n        <\/section>\n                <section class=\"elementor-section elementor-top-section elementor-element elementor-element-a72e4d7 elementor-section-stretched elementor-section-boxed elementor-section-height-default elementor-section-height-default ct-header-fixed-none ct-column-none ct-row-scroll-none\" data-id=\"a72e4d7\" data-element_type=\"section\" data-settings=\"{&quot;stretch_section&quot;:&quot;section-stretched&quot;,&quot;background_background&quot;:&quot;classic&quot;}\">\n            \n                        <div class=\"elementor-container elementor-column-gap-default\">\n                    <div class=\"elementor-column elementor-col-100 elementor-top-column elementor-element elementor-element-e697913 ct-column-none col-offset-none\" data-id=\"e697913\" data-element_type=\"column\">\n        <div class=\"elementor-widget-wrap elementor-element-populated\">\n                    \n        \t\t<div class=\"elementor-element elementor-element-ccb1a2c elementor-widget elementor-widget-ct_contact_form\" data-id=\"ccb1a2c\" data-element_type=\"widget\" data-widget_type=\"ct_contact_form.default\">\n\t\t\t\t<div class=\"elementor-widget-container\">\n\t\t\t\t\t    <div class=\"ct-contact-form ct-contact-form-layout1 style3\">\r\n    \t        <div class=\"ct-contact-form\">\r\n            \n<div class=\"wpcf7 no-js\" id=\"wpcf7-f10458-o1\" lang=\"en-US\" dir=\"ltr\" data-wpcf7-id=\"10458\">\n<div class=\"screen-reader-response\"><p role=\"status\" aria-live=\"polite\" aria-atomic=\"true\"><\/p> <ul><\/ul><\/div>\n<form action=\"\/en\/wp-json\/wp\/v2\/pages\/30#wpcf7-f10458-o1\" method=\"post\" class=\"wpcf7-form init\" aria-label=\"Contact form\" novalidate=\"novalidate\" data-status=\"init\" data-trp-original-action=\"\/en\/wp-json\/wp\/v2\/pages\/30#wpcf7-f10458-o1\">\n<div style=\"display: none;\">\n<input type=\"hidden\" name=\"_wpcf7\" value=\"10458\" \/>\n<input type=\"hidden\" name=\"_wpcf7_version\" value=\"6.0.4\" \/>\n<input type=\"hidden\" name=\"_wpcf7_locale\" value=\"en_US\" \/>\n<input type=\"hidden\" name=\"_wpcf7_unit_tag\" value=\"wpcf7-f10458-o1\" \/>\n<input type=\"hidden\" name=\"_wpcf7_container_post\" value=\"0\" \/>\n<input type=\"hidden\" name=\"_wpcf7_posted_data_hash\" value=\"\" \/>\n<input type=\"hidden\" name=\"_wpcf7_recaptcha_response\" value=\"\" \/>\n<\/div>\n<div class=\"wp-row-ctf5 contact-form-home5\">\n\t<div class=\"row input-contact\">\n\t\t<div class=\"col-lg-12\">\n\t\t\t<div class=\"input-filled your-name\">\n\t\t\t\t<p><span class=\"title\">Full Name<\/span><span class=\"wpcf7-form-control-wrap\" data-name=\"your-name\"><input size=\"40\" maxlength=\"400\" class=\"wpcf7-form-control wpcf7-text wpcf7-validates-as-required\" aria-required=\"true\" aria-invalid=\"false\" placeholder=\"Joshua E.Skelton\" value=\"\" type=\"text\" name=\"your-name\" \/><\/span>\n\t\t\t\t<\/p>\n\t\t\t<\/div>\n\t\t<\/div>\n\t\t<div class=\"col-lg-12\">\n\t\t\t<div class=\"input-filled your-email\">\n\t\t\t\t<p><span class=\"title\">Email Address<\/span><span class=\"wpcf7-form-control-wrap\" data-name=\"your-email\"><input size=\"40\" maxlength=\"400\" class=\"wpcf7-form-control wpcf7-email wpcf7-validates-as-required wpcf7-text wpcf7-validates-as-email\" aria-required=\"true\" aria-invalid=\"false\" placeholder=\"support@gmail.com\" value=\"\" type=\"email\" name=\"your-email\" \/><\/span>\n\t\t\t\t<\/p>\n\t\t\t<\/div>\n\t\t<\/div>\n\t\t<div class=\"col-lg-12\">\n\t\t\t<div class=\"input-filled your-message\">\n\t\t\t\t<p><span class=\"title\">Write Message<\/span><span class=\"wpcf7-form-control-wrap\" data-name=\"your-message\"><input size=\"40\" maxlength=\"400\" class=\"wpcf7-form-control wpcf7-text wpcf7-validates-as-required\" aria-required=\"true\" aria-invalid=\"false\" placeholder=\"I would like to\" value=\"\" type=\"text\" name=\"your-message\" \/><\/span>\n\t\t\t\t<\/p>\n\t\t\t<\/div>\n\t\t<\/div>\n\t<\/div>\n<span class=\"wpcf7-form-control-wrap recaptcha\" data-name=\"recaptcha\"><span data-sitekey=\"6LfuUOQqAAAAAK1h6MSmjeJc-X8WOU39X72nf59g\" class=\"wpcf7-form-control wpcf7-recaptcha g-recaptcha\"><\/span>\r\n<noscript>\r\n\t<div class=\"grecaptcha-noscript\">\r\n\t\t<iframe src=\"https:\/\/www.google.com\/recaptcha\/api\/fallback?k=6LfuUOQqAAAAAK1h6MSmjeJc-X8WOU39X72nf59g\" frameborder=\"0\" scrolling=\"no\" width=\"310\" height=\"430\">\r\n\t\t<\/iframe>\r\n\t\t<textarea name=\"g-recaptcha-response\" rows=\"3\" cols=\"40\" placeholder=\"reCaptcha Response Here\">\r\n\t\t<\/textarea>\r\n\t<\/div>\r\n<\/noscript>\r\n<\/span>\n\t<div class=\"row input-contact\">\n\t\t<div class=\"col-lg-12\">\n\t\t\t<div class=\"btn-form\">\n\t\t\t\t<p><span class=\"mas\">Submit<\/span><button type=\"Submit\" >Submit<\/button>\n\t\t\t\t<\/p>\n\t\t\t<\/div>\n\t\t<\/div>\n\t<\/div>\n<\/div><div class=\"wpcf7-response-output\" aria-hidden=\"true\"><\/div>\n<input type=\"hidden\" name=\"trp-form-language\" value=\"en\"\/><\/form>\n<\/div>\n        <\/div>\r\n    <\/div>\r\n\t\t\t\t<\/div>\n\t\t\t\t<\/div>\n\t\t\t\t<div class=\"elementor-element elementor-element-40ccf5d elementor-hidden-tablet elementor-hidden-mobile elementor-widget elementor-widget-ct_particle_animate\" data-id=\"40ccf5d\" data-element_type=\"widget\" data-widget_type=\"ct_particle_animate.default\">\n\t\t\t\t<div class=\"elementor-widget-container\">\n\t\t\t\t\t\t<div class=\"ct-particle-animate el-move-parents\">\r\n\t\t\t\t    <div id=\"ct_particle_animate-40ccf5d0\" class=\"bottom-left shape-animate2\" >\r\n\t\t    \t\t\t\t    \t\t\t    \t\t\t    \t<div class=\"ct-inline-css\"  data-css=\"\t\t\t            .ct-particle-animate #ct_particle_animate-40ccf5d0 {\t\t\t                left: -400px;\t\t\t                bottom: -90px;\t\t\t            }\">\r\n\t\t\t        <\/div>\r\n\t\t\t    \t\t\t    \t\t\t    \t\t    \t<img loading=\"lazy\" decoding=\"async\" width=\"769\" height=\"286\" src=\"https:\/\/agcainvest.es\/wp-content\/uploads\/2022\/06\/01_Home_Business_Consultant123.png\" class=\"attachment-full\" alt=\"\" \/>\t\t\r\n\t\t    <\/div>\r\n\t\t\t<\/div>\r\n\t\t\t\t<\/div>\n\t\t\t\t<\/div>\n\t\t            <\/div>\n        <\/div>\n                    <\/div>\n        <\/section>\n        \t\t<\/div>","protected":false},"excerpt":{"rendered":"<p>Cont\u00e1ctenos Cont\u00e1ctenos Contacte con nosotros para saber m\u00e1s sobre las oportunidades de negocio Si busca invertir en agroindustria o comercializar productos de calidad, estamos aqu\u00ed para ayudarle. Cont\u00e1ctenos para consultas, colaboraciones y m\u00e1s informaci\u00f3n. S\u00edguenos Ubicaci\u00f3n Avda. Adolfo Suarez, 25, 2izq, 28660-Boadilla Del Monte, Madrid Env\u00edenos un correo electr\u00f3nico madrid@agcainvest.es N\u00famero de tel\u00e9fono +34682430733 Nombre [&hellip;]<\/p>","protected":false},"author":1,"featured_media":0,"parent":0,"menu_order":0,"comment_status":"closed","ping_status":"closed","template":"","meta":{"footnotes":""},"class_list":["post-30","page","type-page","status-publish","hentry"],"_links":{"self":[{"href":"https:\/\/agcainvest.es\/en\/wp-json\/wp\/v2\/pages\/30","targetHints":{"allow":["GET"]}}],"collection":[{"href":"https:\/\/agcainvest.es\/en\/wp-json\/wp\/v2\/pages"}],"about":[{"href":"https:\/\/agcainvest.es\/en\/wp-json\/wp\/v2\/types\/page"}],"author":[{"embeddable":true,"href":"https:\/\/agcainvest.es\/en\/wp-json\/wp\/v2\/users\/1"}],"replies":[{"embeddable":true,"href":"https:\/\/agcainvest.es\/en\/wp-json\/wp\/v2\/comments?post=30"}],"version-history":[{"count":36,"href":"https:\/\/agcainvest.es\/en\/wp-json\/wp\/v2\/pages\/30\/revisions"}],"predecessor-version":[{"id":13492,"href":"https:\/\/agcainvest.es\/en\/wp-json\/wp\/v2\/pages\/30\/revisions\/13492"}],"wp:attachment":[{"href":"https:\/\/agcainvest.es\/en\/wp-json\/wp\/v2\/media?parent=30"}],"curies":[{"name":"wp","href":"https:\/\/api.w.org\/{rel}","templated":true}]}}